{"id":5815,"date":"2022-03-28T12:48:48","date_gmt":"2022-03-28T12:48:48","guid":{"rendered":"https:\/\/optiwork.ch\/impressumm\/"},"modified":"2025-08-08T08:27:41","modified_gmt":"2025-08-08T08:27:41","slug":"impressumm","status":"publish","type":"page","link":"https:\/\/optiwork.ch\/it\/impressumm\/","title":{"rendered":"Impressum"},"content":{"rendered":"<p>[et_pb_section fb_built=&#8221;1&#8243; admin_label=&#8221;FAQ&#8221; _builder_version=&#8221;4.16&#8243; background_color=&#8221;RGBA(255,255,255,0)&#8221; custom_margin=&#8221;-1px||0px|||&#8221; custom_padding=&#8221;27px||12px|||&#8221; da_disable_devices=&#8221;off|off|off&#8221; locked=&#8221;off&#8221; global_colors_info=&#8221;{}&#8221; da_is_popup=&#8221;off&#8221; da_exit_intent=&#8221;off&#8221; da_has_close=&#8221;on&#8221; da_alt_close=&#8221;off&#8221; da_dark_close=&#8221;off&#8221; da_not_modal=&#8221;on&#8221; da_is_singular=&#8221;off&#8221; da_with_loader=&#8221;off&#8221; da_has_shadow=&#8221;on&#8221;][et_pb_row make_equal=&#8221;on&#8221; _builder_version=&#8221;4.16&#8243; background_enable_image=&#8221;off&#8221; width=&#8221;100%&#8221; min_height=&#8221;230px&#8221; custom_margin=&#8221;-18px|auto|36px|auto||&#8221; custom_padding=&#8221;19px|20px|2px|20px|false|false&#8221; global_colors_info=&#8221;{}&#8221;][et_pb_column type=&#8221;4_4&#8243; _builder_version=&#8221;4.16&#8243; background_enable_image=&#8221;off&#8221; background_position=&#8221;bottom_right&#8221; custom_padding=&#8221;|||&#8221; animation_style=&#8221;fade&#8221; background_last_edited=&#8221;on|tablet&#8221; background_enable_image_tablet=&#8221;off&#8221; background_enable_image_phone=&#8221;off&#8221; global_colors_info=&#8221;{}&#8221; custom_padding__hover=&#8221;|||&#8221;][et_pb_text _builder_version=&#8221;4.16&#8243; text_font=&#8221;||||||||&#8221; header_font=&#8221;|600|||||||&#8221; header_font_size=&#8221;39px&#8221; header_2_font=&#8221;Rubik|700|||||||&#8221; header_2_font_size=&#8221;42px&#8221; header_2_line_height=&#8221;1.2em&#8221; text_orientation=&#8221;center&#8221; width=&#8221;100%&#8221; max_width=&#8221;100%&#8221; module_alignment=&#8221;center&#8221; custom_margin=&#8221;27px||0px|0px|false|false&#8221; custom_padding=&#8221;|0px||0px|false|false&#8221; header_2_font_size_tablet=&#8221;&#8221; header_2_font_size_phone=&#8221;36px&#8221; header_2_font_size_last_edited=&#8221;on|phone&#8221; locked=&#8221;off&#8221; global_colors_info=&#8221;{}&#8221;]<\/p>\n<h2 style=\"text-align: center;\">Impressum<\/h2>\n<p>[\/et_pb_text][et_pb_divider divider_position=&#8221;center&#8221; divider_weight=&#8221;5px&#8221; _builder_version=&#8221;4.16&#8243; max_width=&#8221;50px&#8221; module_alignment=&#8221;center&#8221; custom_margin=&#8221;|0px|||false|false&#8221; custom_padding=&#8221;|0px|||false|false&#8221; locked=&#8221;off&#8221; global_colors_info=&#8221;{}&#8221;][\/et_pb_divider][et_pb_cta _builder_version=&#8221;4.27.4&#8243; header_level=&#8221;h4&#8243; header_font=&#8221;|700|||||||&#8221; header_text_color=&#8221;#002D5A&#8221; header_font_size=&#8221;25px&#8221; header_line_height=&#8221;1.5em&#8221; body_font=&#8221;||||||||&#8221; body_text_color=&#8221;rgba(0,0,0,0.84)&#8221; use_background_color=&#8221;off&#8221; background_size=&#8221;initial&#8221; background_position=&#8221;top_left&#8221; background_repeat=&#8221;repeat&#8221; custom_button=&#8221;on&#8221; button_text_size=&#8221;14px&#8221; button_text_color=&#8221;#43E5BA&#8221; button_border_width=&#8221;4px&#8221; button_border_color=&#8221;#43E5BA&#8221; button_border_radius=&#8221;0px&#8221; button_letter_spacing=&#8221;2px&#8221; button_font=&#8221;|700||on|||||&#8221; button_icon=&#8221;&#x24;||divi||400&#8243; button_icon_color=&#8221;#43E5BA&#8221; button_alignment=&#8221;left&#8221; text_orientation=&#8221;left&#8221; background_layout=&#8221;light&#8221; min_height=&#8221;209px&#8221; custom_padding=&#8221;||0px|||&#8221; custom_padding_tablet=&#8221;|||70px|false|false&#8221; custom_padding_phone=&#8221;|30px||32px|false|false&#8221; custom_padding_last_edited=&#8221;on|tablet&#8221; animation_direction=&#8221;top&#8221; hover_enabled=&#8221;0&#8243; button_bg_color_hover=&#8221;rgba(0,0,0,0)&#8221; locked=&#8221;off&#8221; global_colors_info=&#8221;{}&#8221; button_text_size__hover_enabled=&#8221;off&#8221; button_one_text_size__hover_enabled=&#8221;off&#8221; button_two_text_size__hover_enabled=&#8221;off&#8221; button_text_color__hover_enabled=&#8221;off&#8221; button_one_text_color__hover_enabled=&#8221;off&#8221; button_two_text_color__hover_enabled=&#8221;off&#8221; button_border_width__hover_enabled=&#8221;off&#8221; button_one_border_width__hover_enabled=&#8221;off&#8221; button_two_border_width__hover_enabled=&#8221;off&#8221; button_border_color__hover_enabled=&#8221;off&#8221; button_one_border_color__hover_enabled=&#8221;off&#8221; button_two_border_color__hover_enabled=&#8221;off&#8221; button_border_radius__hover_enabled=&#8221;off&#8221; button_one_border_radius__hover_enabled=&#8221;off&#8221; button_two_border_radius__hover_enabled=&#8221;off&#8221; button_letter_spacing__hover_enabled=&#8221;off&#8221; button_one_letter_spacing__hover_enabled=&#8221;off&#8221; button_two_letter_spacing__hover_enabled=&#8221;off&#8221; button_bg_color__hover_enabled=&#8221;on|hover&#8221; button_bg_color__hover=&#8221;rgba(0,0,0,0)&#8221; button_one_bg_color__hover_enabled=&#8221;off&#8221; button_two_bg_color__hover_enabled=&#8221;off&#8221; sticky_enabled=&#8221;0&#8243;]<\/p>\n<h3>\u00a0<\/h3>\n<h3><strong>Optiwork AG<\/strong><\/h3>\n<p>&nbsp;<\/p>\n<h4>Responsabile del contenuto:<\/h4>\n<p>Optiwork AG<br \/>B\u00f6sch 80A<br \/>6331 H\u00fcnenberg<br \/>Tel: +41 (0)41 799 07 99<br \/>E-Mail: info@optiwork.ch<\/p>\n<p>Registro commerciale: CH-170.3.007.115-5<br \/>UID: CHE-105.848.920<\/p>\n<p>&nbsp;<\/p>\n<h4>Sources photographiques:<\/h4>\n<p>Sources photographiques<br \/>BRZ Schweiz AG<br \/>Shutterstock <a href=\"https:\/\/www.shutterstock.com\/de\/\" target=\"_blank\" rel=\"noopener\">www.shutterstock.com<\/a><br \/>Freepik<a href=\"http:\/\/www.freepik.com\" target=\"_blank\" rel=\"noopener\">\u00a0 ww.freepik.com\u00a0<\/a><\/p>\n<p>&nbsp;<\/p>\n<p>Salvo diversa indicazione, i diritti su tutte le immagini utilizzate su questo sito Web sono di propriet\u00e0 di Optiwork AG. L&#8217;uso del materiale fotografico per scopi privati \u200b\u200be commerciali non \u00e8 consentito senza il previo consenso di Optiwork AG. Ci\u00f2 vale sia per un ulteriore utilizzo online che per la stampa. L&#8217;uso improprio \u00e8 punibile dalla legge e sar\u00e0 perseguito da noi sia in base al diritto penale che civile. Nella misura in cui alcune immagini su questo sito Web provengono da altre fonti, queste immagini sono elencate di conseguenza nell&#8217;impronta sotto i crediti immagine. Si prega di contattare il proprietario del copyright per il riutilizzo di queste immagini.<\/p>\n<p>[\/et_pb_cta][\/et_pb_column][\/et_pb_row][et_pb_row disabled_on=&#8221;on|on|off&#8221; _builder_version=&#8221;4.16&#8243; _module_preset=&#8221;default&#8221; min_height=&#8221;180px&#8221; locked=&#8221;off&#8221; global_colors_info=&#8221;{}&#8221;][et_pb_column type=&#8221;4_4&#8243; _builder_version=&#8221;4.16&#8243; _module_preset=&#8221;default&#8221; global_colors_info=&#8221;{}&#8221;][\/et_pb_column][\/et_pb_row][\/et_pb_section]<\/p>\n","protected":false},"excerpt":{"rendered":"<p>Impressum\u00a0 Optiwork AG &nbsp; Responsabile del contenuto: Optiwork AGB\u00f6sch 80A6331 H\u00fcnenbergTel: +41 (0)41 799 07 99E-Mail: info@optiwork.ch Registro commerciale: CH-170.3.007.115-5UID: CHE-105.848.920 &nbsp; Sources photographiques: Sources photographiquesBRZ Schweiz AGShutterstock www.shutterstock.comFreepik\u00a0 ww.freepik.com\u00a0 &nbsp; Salvo diversa indicazione, i diritti su tutte le immagini utilizzate su questo sito Web sono di propriet\u00e0 di Optiwork AG. L&#8217;uso del materiale fotografico per scopi privati \u200b\u200be commerciali non \u00e8 consentito senza il previo consenso di Optiwork AG. Ci\u00f2 vale sia per un ulteriore utilizzo online che per la stampa. L&#8217;uso improprio \u00e8 punibile dalla legge e sar\u00e0 perseguito da noi sia in base al diritto penale che civile. Nella misura in cui alcune immagini su questo sito Web provengono da altre fonti, queste immagini sono elencate di conseguenza nell&#8217;impronta sotto i crediti immagine. Si prega di contattare il proprietario del copyright per il riutilizzo di queste immagini.<\/p>\n","protected":false},"author":8,"featured_media":0,"parent":0,"menu_order":0,"comment_status":"closed","ping_status":"closed","template":"","meta":{"_et_pb_use_builder":"on","_et_pb_old_content":"","_et_gb_content_width":"","footnotes":""},"class_list":["post-5815","page","type-page","status-publish","hentry"],"_links":{"self":[{"href":"https:\/\/optiwork.ch\/it\/wp-json\/wp\/v2\/pages\/5815","targetHints":{"allow":["GET"]}}],"collection":[{"href":"https:\/\/optiwork.ch\/it\/wp-json\/wp\/v2\/pages"}],"about":[{"href":"https:\/\/optiwork.ch\/it\/wp-json\/wp\/v2\/types\/page"}],"author":[{"embeddable":true,"href":"https:\/\/optiwork.ch\/it\/wp-json\/wp\/v2\/users\/8"}],"replies":[{"embeddable":true,"href":"https:\/\/optiwork.ch\/it\/wp-json\/wp\/v2\/comments?post=5815"}],"version-history":[{"count":1,"href":"https:\/\/optiwork.ch\/it\/wp-json\/wp\/v2\/pages\/5815\/revisions"}],"predecessor-version":[{"id":20099,"href":"https:\/\/optiwork.ch\/it\/wp-json\/wp\/v2\/pages\/5815\/revisions\/20099"}],"wp:attachment":[{"href":"https:\/\/optiwork.ch\/it\/wp-json\/wp\/v2\/media?parent=5815"}],"curies":[{"name":"wp","href":"https:\/\/api.w.org\/{rel}","templated":true}]}}